{"id":499,"date":"2020-01-30T07:59:42","date_gmt":"2020-01-30T07:59:42","guid":{"rendered":"https:\/\/centroloyolaelsalvador.org\/?page_id=499"},"modified":"2024-08-08T09:51:32","modified_gmt":"2024-08-08T16:21:32","slug":"sobre-nosotros","status":"publish","type":"page","link":"https:\/\/centroloyolaelsalvador.org\/espiritual\/sobre-nosotros\/","title":{"rendered":"CENTRO LOYOLA"},"content":{"rendered":"<div class=\"wpb-content-wrapper\"><p>[vc_row css_animation=&#8221;&#8221; row_type=&#8221;row&#8221; use_row_as_full_screen_section=&#8221;no&#8221; type=&#8221;grid&#8221; angled_section=&#8221;no&#8221; text_align=&#8221;center&#8221; background_image_as_pattern=&#8221;without_pattern&#8221; anchor=&#8221;story&#8221; z_index=&#8221;&#8221; css=&#8221;.vc_custom_1581057152547{padding-top: 1% !important;padding-bottom: 2% !important;background-image: url(https:\/\/centroloyolaelsalvador.org\/espiritual\/wp-content\/uploads\/sites\/3\/2020\/02\/fondocentroloyola.jpg?id=2801) !important;background-position: center !important;background-repeat: no-repeat !important;background-size: cover !important;}&#8221;][vc_column css=&#8221;.vc_custom_1580612926212{background-position: center !important;background-repeat: no-repeat !important;background-size: cover !important;}&#8221;][qode_elements_holder number_of_columns=&#8221;one_column&#8221;][qode_elements_holder_item advanced_animations=&#8221;no&#8221; item_padding=&#8221;0 16% 0 16%&#8221; item_padding_1024_1280=&#8221;0 12% 0 12%&#8221; item_padding_768_1024=&#8221;0 7% 0 7%&#8221; item_padding_600_768=&#8221;0 0% 0 0%&#8221; item_padding_480=&#8221;0 0% 0 0%&#8221;][vc_empty_space height=&#8221;30px&#8221;][vc_column_text]<\/p>\n<p style=\"text-align: center;\"><strong>Centro Loyola es una instituci\u00f3n perteneciente a la Compa\u00f1\u00eda de Jes\u00fas (Jesuitas) que promueve toda clase de obras de car\u00e1cter religioso, cultural y social, que tiendan a fomentar el bienestar moral e intelectual de los habitantes de la Rep\u00fablica de El Salvador.<\/strong><\/p>\n<p>&nbsp;<\/p>\n<p style=\"text-align: center;\"><strong>Es un espacio equipado para realizar eventos corporativos (talleres, seminarios, capacitaciones) y retiros espirituales de forma pr\u00e1ctica y efectiva. Contamos con diferentes \u00e1reas en las cuales se sentir\u00e1 c\u00f3modo realizando su actividad.<\/strong><\/p>\n<p>&nbsp;<\/p>\n<p style=\"text-align: center;\"><strong>Encuentre un lugar c\u00e9ntrico y amigable con la naturaleza, donde podr\u00e1 conectarse con su equipo de forma ideal. Tambi\u00e9n ofrecemos servicio de alojamiento y alimentaci\u00f3n para su equipo de trabajo seg\u00fan las necesidades.<\/strong><\/p>\n<p>[\/vc_column_text][vc_empty_space height=&#8221;40px&#8221;][\/qode_elements_holder_item][\/qode_elements_holder][vc_row_inner row_type=&#8221;row&#8221; type=&#8221;full_width&#8221; text_align=&#8221;center&#8221; css_animation=&#8221;&#8221; el_class=&#8221;btnH&#8221;][vc_column_inner]<a  itemprop=\"url\" href=\"https:\/\/centroloyolaelsalvador.org\/espiritual\/historia\/\" target=\"_self\" data-hover-background-color='#008087' data-hover-border-color='#008087' data-hover-color='#ffffff' class=\"qbutton  medium center default\" style=\"color: #ffffff; border-color: #606060; font-weight: 800; font-size: 20px; border-radius: 25px;-moz-border-radius: 25px;-webkit-border-radius: 25px; background-color: #606060;\">Nuestra Historia<\/a>[\/vc_column_inner][\/vc_row_inner][vc_empty_space height=&#8221;20px&#8221;][\/vc_column][\/vc_row][vc_row css_animation=&#8221;&#8221; row_type=&#8221;row&#8221; use_row_as_full_screen_section=&#8221;no&#8221; type=&#8221;grid&#8221; angled_section=&#8221;no&#8221; text_align=&#8221;center&#8221; background_image_as_pattern=&#8221;without_pattern&#8221; anchor=&#8221;story&#8221; z_index=&#8221;&#8221; css=&#8221;.vc_custom_1581057152547{padding-top: 1% !important;padding-bottom: 2% !important;background-image: url(https:\/\/centroloyolaelsalvador.org\/espiritual\/wp-content\/uploads\/sites\/3\/2020\/02\/fondocentroloyola.jpg?id=2801) !important;background-position: center !important;background-repeat: no-repeat !important;background-size: cover !important;}&#8221;][vc_column css=&#8221;.vc_custom_1580612926212{background-position: center !important;background-repeat: no-repeat !important;background-size: cover !important;}&#8221;][\/vc_column][\/vc_row][vc_row css_animation=&#8221;&#8221; row_type=&#8221;row&#8221; use_row_as_full_screen_section=&#8221;no&#8221; type=&#8221;full_width&#8221; angled_section=&#8221;no&#8221; text_align=&#8221;left&#8221; background_image_as_pattern=&#8221;without_pattern&#8221; css=&#8221;.vc_custom_1580602223828{background-color: #f3f3f8 !important;background-position: center !important;background-repeat: no-repeat !important;background-size: cover !important;}&#8221; z_index=&#8221;&#8221;][vc_column offset=&#8221;vc_hidden-sm vc_hidden-xs&#8221;][qode_elements_holder number_of_columns=&#8221;two_columns&#8221;][qode_elements_holder_item cover=&#8221;yes&#8221; vertical_alignment=&#8221;middle&#8221; horizontal_alignment=&#8221;center&#8221; advanced_animations=&#8221;no&#8221; background_image=&#8221;3642&#8243; item_padding=&#8221;289px 0px 289px 0px&#8221; item_padding_600_768=&#8221;200px 0 200px 0&#8243; item_padding_480_600=&#8221;200px 0 200px 0&#8243; item_padding_480=&#8221;200px 0 200px 0&#8243;][\/qode_elements_holder_item][qode_elements_holder_item vertical_alignment=&#8221;middle&#8221; horizontal_alignment=&#8221;center&#8221; advanced_animations=&#8221;no&#8221; item_padding=&#8221;0% 15% 0% 15%&#8221; background_color=&#8221;#f3f3f8&#8243; item_padding_600_768=&#8221;0% 10% 0% 10%&#8221; item_padding_480_600=&#8221;0% 10% 0% 10%&#8221; item_padding_480=&#8221;0% 10% 0% 10%&#8221; item_padding_768_1024=&#8221;0% 10% 0% 10%&#8221;]<div class=\"custom_font_holder\" style=\" font-size: 20px; line-height: 26px; font-style: normal; font-weight: 400; text-decoration: none; text-align: left;\">\n<h2><span style=\"color: #008087;\">\u00bfQu\u00e9 nos hace<\/span><br \/>\n<span style=\"color: #008087;\">diferentes?<\/span><\/h2>\n<\/div>[vc_empty_space height=&#8221;20px&#8221;]<div class=\"custom_font_holder\" style=\" font-size: 16px; line-height: 26px; font-style: normal; font-weight: 400; text-decoration: none; text-align: left;\"><span style=\"color: #606060;\"><strong><span style=\"color: #008087;\">&#8211; <\/span><\/strong>Ubicaci\u00f3n privilegiada y estrat\u00e9gica (estamos ubicados en Antiguo Cuscatl\u00e1n).<br \/>\n<\/span><\/p>\n<p><span style=\"color: #606060;\"><strong><span style=\"color: #008087;\">&#8211; <\/span><\/strong>Ambiente de paz y rodeado de naturaleza sin necesidad de salir de la ciudad ni largas horas de viaje.<\/span><\/p>\n<p><span style=\"color: #606060;\"><strong><span style=\"color: #008087;\">&#8211; <\/span><\/strong>Clima agradable.<\/span><\/p>\n<p><span style=\"color: #606060;\"><strong><span style=\"color: #008087;\">&#8211; <\/span><\/strong>Asesor\u00eda personalizada para su actividad.<br \/>\n<\/span><\/p>\n<p><span style=\"color: #606060;\"><strong><span style=\"color: #008087;\">&#8211; <\/span><\/strong>Vigilancia privada las 24 horas.<br \/>\n<\/span><\/p>\n<p><span style=\"color: #606060;\"><strong><span style=\"color: #008087;\">&#8211; <\/span><\/strong>Planta el\u00e9ctrica que garantiza la continuidad del evento en caso de interrupciones.<br \/>\n<\/span><\/p>\n<p><span style=\"color: #606060;\"><strong><span style=\"color: #008087;\">&#8211; <\/span><\/strong>Wi-Fi en todas las instalaciones.<\/span><\/div>[vc_empty_space height=&#8221;20px&#8221;]<a  itemprop=\"url\" href=\"https:\/\/centroloyolaelsalvador.org\/espiritual\/instalaciones\/\" target=\"_self\" data-hover-background-color='#008087' data-hover-border-color='#008087' data-hover-color='#ffffff' class=\"qbutton  left default\" style=\"color: #ffffff; border-color: #606060; font-weight: 800; font-size: 20px; margin: 0% 0% 0% 0%; border-radius: 25px;-moz-border-radius: 25px;-webkit-border-radius: 25px; background-color: #606060;\">Ver instalaciones<\/a>[\/qode_elements_holder_item][\/qode_elements_holder][qode_elements_holder number_of_columns=&#8221;two_columns&#8221;][qode_elements_holder_item advanced_animations=&#8221;no&#8221; item_padding=&#8221;0% 15% 0% 15%&#8221; background_color=&#8221;#f3f3f8&#8243;]<div class=\"custom_font_holder\" style=\" font-size: 20px; line-height: 26px; font-style: normal; font-weight: 400; text-decoration: none; text-align: left;\">\n<h2><span style=\"color: #008087;\">\u00bfPor qu\u00e9 hacer<br \/>\nsus eventos<br \/>\ncon nosotros?<\/span><\/h2>\n<\/div>[vc_empty_space height=&#8221;20px&#8221;]<div class=\"custom_font_holder\" style=\" font-size: 16px; line-height: 26px; font-style: normal; font-weight: 400; text-decoration: none; text-align: left;\">Centro Loyola es un lugar donde puede encontrar tranquilidad, un personal invaluable, adem\u00e1s nuestro sistema de c\u00e1maras de vigilancia le garantizar\u00e1n seguridad, por lo que estamos seguros que cumplir\u00e1n sus expectativas a un costo razonable.<\/div>[\/qode_elements_holder_item][qode_elements_holder_item cover=&#8221;yes&#8221; vertical_alignment=&#8221;middle&#8221; horizontal_alignment=&#8221;center&#8221; advanced_animations=&#8221;no&#8221; background_image=&#8221;2589&#8243; item_padding=&#8221;289px 0px 289px 0px&#8221;][\/qode_elements_holder_item][\/qode_elements_holder][\/vc_column][\/vc_row][vc_row css_animation=&#8221;&#8221; row_type=&#8221;row&#8221; use_row_as_full_screen_section=&#8221;no&#8221; type=&#8221;full_width&#8221; angled_section=&#8221;no&#8221; text_align=&#8221;left&#8221; background_image_as_pattern=&#8221;without_pattern&#8221; css=&#8221;.vc_custom_1580602223828{background-color: #f3f3f8 !important;background-position: center !important;background-repeat: no-repeat !important;background-size: cover !important;}&#8221; z_index=&#8221;&#8221;][vc_column offset=&#8221;vc_hidden-lg vc_hidden-md&#8221;][qode_elements_holder number_of_columns=&#8221;two_columns&#8221;][qode_elements_holder_item vertical_alignment=&#8221;middle&#8221; horizontal_alignment=&#8221;center&#8221; advanced_animations=&#8221;no&#8221; item_padding=&#8221;0% 15% 0% 15%&#8221; background_color=&#8221;#f3f3f8&#8243; item_padding_600_768=&#8221;10% 10% 10% 10%&#8221; item_padding_480_600=&#8221;10% 10% 10% 10%&#8221; item_padding_480=&#8221;10% 10% 10% 10%&#8221; item_padding_768_1024=&#8221;10% 10% 10% 10%&#8221;]<div class=\"custom_font_holder\" style=\" font-size: 20px; line-height: 26px; font-style: normal; font-weight: 400; text-decoration: none; text-align: left;\">\n<h2><span style=\"color: #008087;\">\u00bfQu\u00e9 nos hace <\/span><span style=\"color: #008087;\">diferentes?<\/span><\/h2>\n<\/div>[vc_empty_space height=&#8221;20px&#8221;]<div class=\"custom_font_holder\" style=\" font-size: 16px; line-height: 26px; font-style: normal; font-weight: 400; text-decoration: none; text-align: left;\"><span style=\"color: #606060;\"><strong><span style=\"color: #008087;\">&#8211; <\/span><\/strong>Seguridad privada 24\/7 y c\u00e1maras de seguridad<\/span><\/p>\n<p><span style=\"color: #606060;\"><strong><span style=\"color: #008087;\">&#8211;<\/span><\/strong>Servicio de emergencias m\u00e9dicas, por parte de la empresa EMI El Salvador<br \/>\n<\/span><\/p>\n<p><span style=\"color: #606060;\"><strong><span style=\"color: #008087;\">&#8211;<\/span><\/strong>Ambientes para meditar y estar en contacto con la naturaleza<br \/>\n<\/span><\/p>\n<p><span style=\"color: #606060;\"><strong><span style=\"color: #008087;\">&#8211;<\/span><\/strong>Atenci\u00f3n personalizada para su evento<br \/>\n<\/span><\/p>\n<p><span style=\"color: #606060;\"><strong><span style=\"color: #008087;\">&#8211;<\/span><\/strong>Ubicaci\u00f3n privilegiada dentro de la ciudad<br \/>\n<\/span><\/p>\n<p><span style=\"color: #606060;\"><strong><span style=\"color: #008087;\">&#8211;<\/span><\/strong>Wifi en toda la instalaci\u00f3n<\/span><\/div>[vc_empty_space height=&#8221;20px&#8221;]<a  itemprop=\"url\" href=\"https:\/\/centroloyolaelsalvador.org\/espiritual\/instalaciones\/\" target=\"_self\" data-hover-background-color='#008087' data-hover-border-color='#008087' data-hover-color='#ffffff' class=\"qbutton  center default\" style=\"color: #ffffff; border-color: #606060; font-weight: 800; font-size: 20px; margin: 0% 0% 0% 0%; border-radius: 25px;-moz-border-radius: 25px;-webkit-border-radius: 25px; background-color: #606060;\">Ver instalaciones<\/a>[\/qode_elements_holder_item][qode_elements_holder_item cover=&#8221;yes&#8221; vertical_alignment=&#8221;middle&#8221; horizontal_alignment=&#8221;center&#8221; advanced_animations=&#8221;no&#8221; background_image=&#8221;2590&#8243; item_padding=&#8221;289px 0px 289px 0px&#8221; item_padding_600_768=&#8221;200px 0 200px 0&#8243; item_padding_480_600=&#8221;200px 0 200px 0&#8243; item_padding_480=&#8221;200px 0 200px 0&#8243;][\/qode_elements_holder_item][\/qode_elements_holder][qode_elements_holder number_of_columns=&#8221;two_columns&#8221;][qode_elements_holder_item advanced_animations=&#8221;no&#8221; item_padding=&#8221;0% 15% 0% 15%&#8221; background_color=&#8221;#f3f3f8&#8243; item_padding_768_1024=&#8221;10% 10% 10% 10%&#8221; item_padding_600_768=&#8221;10% 10% 10% 10%&#8221; item_padding_480_600=&#8221;10% 10% 10% 10%&#8221; item_padding_480=&#8221;10% 10% 10% 10%&#8221;]<div class=\"custom_font_holder\" style=\" font-size: 20px; line-height: 26px; font-style: normal; font-weight: 400; text-decoration: none; text-align: left;\">\n<h2><span style=\"color: #008087;\">\u00bfPor qu\u00e9 hacer sus eventos con nosotros?<\/span><\/h2>\n<\/div>[vc_empty_space height=&#8221;20px&#8221;]<div class=\"custom_font_holder\" style=\" font-size: 16px; line-height: 26px; font-style: normal; font-weight: 400; text-decoration: none; text-align: left;\">Centro Loyola es un lugar donde puede encontrar tranquilidad, un personal invaluable, adem\u00e1s nuestro sistema de c\u00e1maras de vigilancia le garantizar\u00e1n seguridad, por lo que estamos seguros que cumplir\u00e1n sus expectativas a un costo razonable.<\/div>[\/qode_elements_holder_item][qode_elements_holder_item cover=&#8221;yes&#8221; vertical_alignment=&#8221;middle&#8221; horizontal_alignment=&#8221;center&#8221; advanced_animations=&#8221;no&#8221; background_image=&#8221;2589&#8243; item_padding=&#8221;289px 0px 289px 0px&#8221; item_padding_600_768=&#8221;200px 0 200px 0&#8243; item_padding_480_600=&#8221;200px 0 200px 0&#8243; item_padding_480=&#8221;200px 0 200px 0&#8243;][\/qode_elements_holder_item][\/qode_elements_holder][\/vc_column][\/vc_row]<\/p>\n<\/div>","protected":false},"excerpt":{"rendered":"<p>[vc_row css_animation=&#8221;&#8221; row_type=&#8221;row&#8221; use_row_as_full_screen_section=&#8221;no&#8221; type=&#8221;grid&#8221; angled_section=&#8221;no&#8221; text_align=&#8221;center&#8221; background_image_as_pattern=&#8221;without_pattern&#8221; anchor=&#8221;story&#8221; z_index=&#8221;&#8221; css=&#8221;.vc_custom_1581057152547{padding-top: 1% !important;padding-bottom: 2% !important;background-image: url(https:\/\/centroloyolaelsalvador.org\/espiritual\/wp-content\/uploads\/sites\/3\/2020\/02\/fondocentroloyola.jpg?id=2801) !important;background-position: center !important;background-repeat: no-repeat !important;background-size: cover !important;}&#8221;][vc_column css=&#8221;.vc_custom_1580612926212{background-position: center !important;background-repeat: no-repeat !important;background-size: cover !important;}&#8221;][qode_elements_holder number_of_columns=&#8221;one_column&#8221;][qode_elements_holder_item advanced_animations=&#8221;no&#8221; item_padding=&#8221;0 16% 0 16%&#8221; item_padding_1024_1280=&#8221;0 12% 0 12%&#8221; item_padding_768_1024=&#8221;0 7% 0 7%&#8221; item_padding_600_768=&#8221;0&#8230;<\/p>\n","protected":false},"author":2,"featured_media":0,"parent":0,"menu_order":0,"comment_status":"closed","ping_status":"closed","template":"full_width.php","meta":{"footnotes":""},"class_list":["post-499","page","type-page","status-publish","hentry"],"yoast_head":"<!-- This site is optimized with the Yoast SEO plugin v15.8 - https:\/\/yoast.com\/wordpress\/plugins\/seo\/ -->\n<title>CENTRO LOYOLA - Centro Loyola Espiritual<\/title>\n<meta name=\"robots\" content=\"index, follow, max-snippet:-1, max-image-preview:large, max-video-preview:-1\" \/>\n<link rel=\"canonical\" href=\"https:\/\/centroloyolaelsalvador.org\/espiritual\/sobre-nosotros\/\" \/>\n<meta property=\"og:locale\" content=\"es_MX\" \/>\n<meta property=\"og:type\" content=\"article\" \/>\n<meta property=\"og:title\" content=\"CENTRO LOYOLA - Centro Loyola Espiritual\" \/>\n<meta property=\"og:description\" content=\"[vc_row css_animation=&#8221;&#8221; row_type=&#8221;row&#8221; use_row_as_full_screen_section=&#8221;no&#8221; type=&#8221;grid&#8221; angled_section=&#8221;no&#8221; text_align=&#8221;center&#8221; background_image_as_pattern=&#8221;without_pattern&#8221; anchor=&#8221;story&#8221; z_index=&#8221;&#8221; css=&#8221;.vc_custom_1581057152547{padding-top: 1% !important;padding-bottom: 2% !important;background-image: url(https:\/\/centroloyolaelsalvador.org\/espiritual\/wp-content\/uploads\/sites\/3\/2020\/02\/fondocentroloyola.jpg?id=2801) !important;background-position: center !important;background-repeat: no-repeat !important;background-size: cover !important;}&#8221;][vc_column css=&#8221;.vc_custom_1580612926212{background-position: center !important;background-repeat: no-repeat !important;background-size: cover !important;}&#8221;][qode_elements_holder number_of_columns=&#8221;one_column&#8221;][qode_elements_holder_item advanced_animations=&#8221;no&#8221; item_padding=&#8221;0 16% 0 16%&#8221; item_padding_1024_1280=&#8221;0 12% 0 12%&#8221; item_padding_768_1024=&#8221;0 7% 0 7%&#8221; item_padding_600_768=&#8221;0...\" \/>\n<meta property=\"og:url\" content=\"https:\/\/centroloyolaelsalvador.org\/espiritual\/sobre-nosotros\/\" \/>\n<meta property=\"og:site_name\" content=\"Centro Loyola Espiritual\" \/>\n<meta property=\"article:modified_time\" content=\"2024-08-08T16:21:32+00:00\" \/>\n<meta name=\"twitter:card\" content=\"summary_large_image\" \/>\n<meta name=\"twitter:label1\" content=\"Tiempo de lectura\">\n\t<meta name=\"twitter:data1\" content=\"4 minutos\">\n<script type=\"application\/ld+json\" class=\"yoast-schema-graph\">{\"@context\":\"https:\/\/schema.org\",\"@graph\":[{\"@type\":\"WebSite\",\"@id\":\"https:\/\/centroloyolaelsalvador.org\/espiritual\/#website\",\"url\":\"https:\/\/centroloyolaelsalvador.org\/espiritual\/\",\"name\":\"Centro Loyola Espiritual\",\"description\":\"Otro sitio m\\u00e1s de centroloyolaelsalvador.org Sitios\",\"potentialAction\":[{\"@type\":\"SearchAction\",\"target\":\"https:\/\/centroloyolaelsalvador.org\/espiritual\/?s={search_term_string}\",\"query-input\":\"required name=search_term_string\"}],\"inLanguage\":\"es\"},{\"@type\":\"WebPage\",\"@id\":\"https:\/\/centroloyolaelsalvador.org\/espiritual\/sobre-nosotros\/#webpage\",\"url\":\"https:\/\/centroloyolaelsalvador.org\/espiritual\/sobre-nosotros\/\",\"name\":\"CENTRO LOYOLA - Centro Loyola Espiritual\",\"isPartOf\":{\"@id\":\"https:\/\/centroloyolaelsalvador.org\/espiritual\/#website\"},\"datePublished\":\"2020-01-30T07:59:42+00:00\",\"dateModified\":\"2024-08-08T16:21:32+00:00\",\"breadcrumb\":{\"@id\":\"https:\/\/centroloyolaelsalvador.org\/espiritual\/sobre-nosotros\/#breadcrumb\"},\"inLanguage\":\"es\",\"potentialAction\":[{\"@type\":\"ReadAction\",\"target\":[\"https:\/\/centroloyolaelsalvador.org\/espiritual\/sobre-nosotros\/\"]}]},{\"@type\":\"BreadcrumbList\",\"@id\":\"https:\/\/centroloyolaelsalvador.org\/espiritual\/sobre-nosotros\/#breadcrumb\",\"itemListElement\":[{\"@type\":\"ListItem\",\"position\":1,\"item\":{\"@type\":\"WebPage\",\"@id\":\"https:\/\/centroloyolaelsalvador.org\/espiritual\/\",\"url\":\"https:\/\/centroloyolaelsalvador.org\/espiritual\/\",\"name\":\"Inicio\"}},{\"@type\":\"ListItem\",\"position\":2,\"item\":{\"@type\":\"WebPage\",\"@id\":\"https:\/\/centroloyolaelsalvador.org\/espiritual\/sobre-nosotros\/\",\"url\":\"https:\/\/centroloyolaelsalvador.org\/espiritual\/sobre-nosotros\/\",\"name\":\"CENTRO LOYOLA\"}}]}]}<\/script>\n<!-- \/ Yoast SEO plugin. -->","_links":{"self":[{"href":"https:\/\/centroloyolaelsalvador.org\/espiritual\/wp-json\/wp\/v2\/pages\/499","targetHints":{"allow":["GET"]}}],"collection":[{"href":"https:\/\/centroloyolaelsalvador.org\/espiritual\/wp-json\/wp\/v2\/pages"}],"about":[{"href":"https:\/\/centroloyolaelsalvador.org\/espiritual\/wp-json\/wp\/v2\/types\/page"}],"author":[{"embeddable":true,"href":"https:\/\/centroloyolaelsalvador.org\/espiritual\/wp-json\/wp\/v2\/users\/2"}],"replies":[{"embeddable":true,"href":"https:\/\/centroloyolaelsalvador.org\/espiritual\/wp-json\/wp\/v2\/comments?post=499"}],"version-history":[{"count":7,"href":"https:\/\/centroloyolaelsalvador.org\/espiritual\/wp-json\/wp\/v2\/pages\/499\/revisions"}],"predecessor-version":[{"id":3046,"href":"https:\/\/centroloyolaelsalvador.org\/espiritual\/wp-json\/wp\/v2\/pages\/499\/revisions\/3046"}],"wp:attachment":[{"href":"https:\/\/centroloyolaelsalvador.org\/espiritual\/wp-json\/wp\/v2\/media?parent=499"}],"curies":[{"name":"wp","href":"https:\/\/api.w.org\/{rel}","templated":true}]}}