{"id":367,"date":"2016-03-02T09:48:09","date_gmt":"2016-03-02T09:48:09","guid":{"rendered":"http:\/\/bridge8.qodeinteractive.com\/?page_id=326"},"modified":"2024-12-04T11:42:45","modified_gmt":"2024-12-04T18:12:45","slug":"politicas-y-faq","status":"publish","type":"page","link":"https:\/\/centroloyolaelsalvador.org\/espiritual\/politicas-y-faq\/","title":{"rendered":"Pol\u00edticas\/FAQ"},"content":{"rendered":"<div class=\"wpb-content-wrapper\"><p>[vc_row css_animation=&#8221;&#8221; row_type=&#8221;row&#8221; use_row_as_full_screen_section=&#8221;no&#8221; type=&#8221;full_width&#8221; angled_section=&#8221;no&#8221; text_align=&#8221;left&#8221; background_image_as_pattern=&#8221;without_pattern&#8221;][vc_column offset=&#8221;vc_hidden-sm vc_hidden-xs&#8221;][vc_tabs style=&#8221;boxed&#8221;][vc_tab title=&#8221;Pol\u00edticas de Servicio&#8221; tab_id=&#8221;8b23a835-386d-2&#8243;][vc_column_text css=&#8221;&#8221;]<\/p>\n<style>\n    body {<br \/>      font-family: Arial, sans-serif;<br \/>      margin: 0;<br \/>      padding: 20px;<br \/>      background-color: #f4f4f9;<br \/>      text-align: center;<br \/>    }<\/p>\n<p>    .pdf-container {<br \/>      display: flex;<br \/>      justify-content: center;<br \/>      align-items: center;<br \/>      flex-wrap: wrap;<br \/>      gap: 20px;<br \/>      margin-top: 50px;<br \/>    }<\/p>\n<p>    .pdf-item {<br \/>      text-decoration: none;<br \/>      text-align: center;<br \/>      color: #333;<br \/>      font-size: 14px;<br \/>      transition: transform 0.3s, color 0.3s;<br \/>    }<\/p>\n<p>    .pdf-item:hover {<br \/>      transform: scale(1.1);<br \/>      color: #007BFF;<br \/>    }<\/p>\n<p>    .pdf-icon {<br \/>      font-size: 50px;<br \/>      color: #d32f2f;<br \/>      margin-bottom: 10px;<br \/>    }<\/p>\n<p>    .pdf-name {<br \/>      margin-top: 5px;<br \/>    }<\/p>\n<p>    .pdf-item:hover .pdf-icon {<br \/>      color: #f44336;<br \/>    }  <\/p>\n<\/style>\n<p><!-- Enlace a Google Fonts para los \u00edconos --><\/p>\n<h1>Pol\u00edticas de servicio<\/h1>\n<p>Por favor, lea el siguiente documento para ver nuestras nuevas pol\u00edticas de servicios:<\/p>\n<p>&nbsp;<\/p>\n<p><iframe src=\"https:\/\/centroloyolaelsalvador.org\/organizaciones\/wp-content\/uploads\/sites\/4\/2024\/11\/julio-2024-Politicas-administrativas-de-Servicios-2024.pdf\" width=\"100%\" height=\"600px\"><br \/>\nTu navegador no soporta iframes.<br \/>\n<\/iframe><\/p>\n<p>&nbsp;<\/p>\n<p>[\/vc_column_text][\/vc_tab][vc_tab title=&#8221;Preguntas Frecuentes&#8221; tab_id=&#8221;e83437dc-1803-0&#8243;][vc_column_text css=&#8221;&#8221;]<\/p>\n<style>\n    body {<br \/>      font-family: Arial, sans-serif;<br \/>      line-height: 1.6;<br \/>      margin: 0;<br \/>      padding: 0;<br \/>      background-color: #f9f9f9;<br \/>      color: #333;<br \/>    }<\/p>\n<p>    .container {<br \/>      max-width: 800px;<br \/>      margin: 50px auto;<br \/>      padding: 20px;<br \/>      background-color: #ffffff;<br \/>      border-radius: 8px;<br \/>      box-shadow: 0 4px 6px rgba(0, 0, 0, 0.1);<br \/>    }<\/p>\n<p>    h1 {<br \/>      text-align: center;<br \/>      color: #2c3e50;<br \/>      margin-bottom: 20px;<br \/>    }<\/p>\n<p>    .faq-item {<br \/>      margin-bottom: 20px;<br \/>    }<\/p>\n<p>    .faq-question {<br \/>      font-size: 1.2em;<br \/>      font-weight: bold;<br \/>      color: #007BFF;<br \/>      margin-bottom: 5px;<br \/>    }<\/p>\n<p>    .faq-answer {<br \/>      text-align: justify;<br \/>      padding-left: 10px;<br \/>      border-left: 4px solid #007BFF;<br \/>    }<\/p>\n<p>    .faq-answer ul {<br \/>      margin: 10px 0;<br \/>      padding-left: 20px;<br \/>    }<\/p>\n<p>    .faq-answer ul li {<br \/>      margin-bottom: 8px;<br \/>    }<\/p>\n<p>    .faq-answer address {<br \/>      font-style: normal;<br \/>      margin-top: 10px;<br \/>    }<\/p>\n<p>    @media (max-width: 600px) {<br \/>      .container {<br \/>        padding: 10px;<br \/>      }<br \/>    }  <\/p>\n<\/style>\n<p>&nbsp;<\/p>\n<div class=\"container\">\n<h1>Preguntas Frecuentes<\/h1>\n<p>&nbsp;<\/p>\n<div class=\"faq-item\">\n<div class=\"faq-question\"><em><strong>1. \u00bfQu\u00e9 tipo de actividades puedo realizar en sus instalaciones?<\/strong><\/em><\/div>\n<div class=\"faq-answer\">\n<p>&nbsp;<\/p>\n<p>Las actividades que se pueden realizar en nuestras instalaciones son las siguientes:<\/p>\n<ul>\n<li><strong>Espirituales:<\/strong> grupos parroquiales o comunidades que buscan espacios y servicios de alimentaci\u00f3n para realizar sus retiros espirituales. Cada grupo es responsable de la did\u00e1ctica de su retiro y de traer a los l\u00edderes espirituales y sacerdotes que impartir\u00e1n las tem\u00e1ticas.<\/li>\n<li><strong>Organizacionales:<\/strong> ONG\u00b4s o instituciones privadas o gubernamentales que buscan espacios (salones de trabajo, \u00e1reas verdes) para realizar sus talleres formativos, capacitaciones, talleres, etc. Centro Loyola tambi\u00e9n proporciona el servicio de alimentaci\u00f3n.<\/li>\n<\/ul>\n<p>&nbsp;<\/p>\n<p>Si la actividad requiere la participaci\u00f3n de personal de la instituci\u00f3n que viene del interior del pa\u00eds o del extranjero, ponemos a disposici\u00f3n el servicio de alojamiento para sus participantes.<\/p>\n<p>&nbsp;<\/p>\n<\/div>\n<\/div>\n<div class=\"faq-item\">\n<div class=\"faq-question\"><em><strong>2. \u00bfSe pueden realizar actividades de otras denominaciones religiosas en sus instalaciones?<\/strong><\/em><\/div>\n<\/div>\n<\/div>\n<div><\/div>\n<div class=\"container\">\n<div class=\"faq-item\">\n<div><\/div>\n<p>&nbsp;<\/p>\n<div class=\"faq-answer\">Por supuesto, los grupos de diferentes denominaciones o credos siempre son bienvenidos y atendidos con la misma calidez que los dem\u00e1s visitantes.<\/div>\n<div><\/div>\n<\/div>\n<p>&nbsp;<\/p>\n<div class=\"faq-item\">\n<div class=\"faq-question\"><em><strong>3. \u00bfPuedo realizar banquetes de eventos sociales en sus instalaciones?<\/strong><\/em><\/div>\n<div><\/div>\n<p>&nbsp;<\/p>\n<div class=\"faq-answer\">Nuestros servicios no se enfocan en este rubro, por lo que no brindamos este tipo de atenci\u00f3n. Aunque contamos con un amplio comedor, este espacio se destina exclusivamente para las actividades mencionadas en el numeral 1.<\/div>\n<div><\/div>\n<\/div>\n<p>&nbsp;<\/p>\n<div class=\"faq-item\">\n<div class=\"faq-question\"><em><strong>4. \u00bfLa capilla de Centro Loyola es abierta al p\u00fablico?<\/strong><\/em><\/div>\n<div><\/div>\n<p>&nbsp;<\/p>\n<div class=\"faq-answer\">La capilla de Centro Loyola no es abierta al p\u00fablico, por lo que no se alquila para misas privadas, tampoco se realizan misas dominicales o exposiciones al Sant\u00edsimo en la capilla de Centro Loyola, pues esta es de uso exclusivo para los grupos que realizan sus retiros espirituales en nuestras instalaciones.<\/div>\n<div><\/div>\n<\/div>\n<p>&nbsp;<\/p>\n<div class=\"faq-item\">\n<div class=\"faq-question\"><em><strong>5. \u00bfCu\u00e1l es la capacidad m\u00e1xima de las instalaciones de Centro Loyola?<\/strong><\/em><\/div>\n<div><\/div>\n<p>&nbsp;<\/p>\n<div class=\"faq-answer\">\n<ul>\n<li><strong>Alojamiento:<\/strong> 35 habitaciones dobles (70 personas c\u00f3modamente alojadas). Tambi\u00e9n pueden utilizarse en modalidad individual.<\/li>\n<li><strong>Comedor:<\/strong> capacidad m\u00e1xima de 100 personas.<\/li>\n<li><strong>Salones:<\/strong> el sal\u00f3n m\u00e1s grande tiene capacidad para 90 personas, y hay dos adicionales para 25 personas cada uno.<\/li>\n<\/ul>\n<p>&nbsp;<\/p>\n<\/div>\n<\/div>\n<div class=\"faq-item\">\n<div class=\"faq-question\"><em><strong>6. \u00bfD\u00f3nde est\u00e1n ubicados?<\/strong><\/em><\/div>\n<div><\/div>\n<div class=\"faq-answer\">\n<p>Estamos ubicados en Antiguo Cuscatl\u00e1n, una cuadra arriba de la Universidad Albert Einstein.<\/p>\n<address><strong>Direcci\u00f3n:<\/strong> Calle Teotl, #35. Colonia Altos de Guadalupe. Antiguo Cuscatl\u00e1n.<\/address>\n<address>\u00a0<\/address>\n<\/div>\n<\/div>\n<div class=\"faq-item\">\n<div class=\"faq-question\"><em><strong>7. \u00bfHay cantidad m\u00ednima de participantes para realizar actividades?<\/strong><\/em><\/div>\n<div><\/div>\n<p>&nbsp;<\/p>\n<div class=\"faq-answer\">La cantidad m\u00ednima para realizar una actividad en Centro Loyola es de 10 personas.<\/div>\n<div><\/div>\n<\/div>\n<p>&nbsp;<\/p>\n<div class=\"faq-item\">\n<div class=\"faq-question\"><em><strong>8. \u00bfCu\u00e1les son los pasos para reservar una actividad en Centro Loyola?<\/strong><\/em><\/div>\n<div><\/div>\n<p>&nbsp;<\/p>\n<div class=\"faq-answer\">El primer paso es solicitar una cotizaci\u00f3n con el detalle de los servicios requeridos. Posteriormente deber\u00e1 enviar la cotizaci\u00f3n firmada y pagar el anticipo en concepto de reserva de la fecha solicitada.<\/div>\n<div><\/div>\n<\/div>\n<p>&nbsp;<\/p>\n<div class=\"faq-item\">\n<div class=\"faq-question\"><em><strong>9. \u00bfSi quiero realizar una actividad con mi grupo de Iglesia, pueden facilitar la tem\u00e1tica?<\/strong><\/em><\/div>\n<div><\/div>\n<p>&nbsp;<\/p>\n<div class=\"faq-answer\">S\u00ed, es posible. En ese caso, su solicitud ser\u00e1 remitida al \u00e1rea Humano Espiritual (HUMES) para dar seguimiento.<\/div>\n<p>&nbsp;<\/p>\n<\/div>\n<\/div>\n<div><\/div>\n<div><\/div>\n<p>[\/vc_column_text][\/vc_tab][\/vc_tabs][\/vc_column][\/vc_row][vc_row css_animation=&#8221;&#8221; row_type=&#8221;row&#8221; use_row_as_full_screen_section=&#8221;no&#8221; type=&#8221;full_width&#8221; angled_section=&#8221;no&#8221; text_align=&#8221;left&#8221; background_image_as_pattern=&#8221;without_pattern&#8221;][vc_column offset=&#8221;vc_hidden-lg vc_hidden-md&#8221;][vc_tabs style=&#8221;boxed&#8221;][vc_tab title=&#8221;Pol\u00edticas de Servicio&#8221; tab_id=&#8221;1733083410312-0-8&#8243;][vc_column_text css=&#8221;&#8221;]<\/p>\n<style>\n    body {<br \/>      font-family: Arial, sans-serif;<br \/>      margin: 0;<br \/>      padding: 20px;<br \/>      background-color: #f4f4f9;<br \/>      text-align: center;<br \/>    }<\/p>\n<p>    .pdf-container {<br \/>      display: flex;<br \/>      justify-content: center;<br \/>      align-items: center;<br \/>      flex-wrap: wrap;<br \/>      gap: 20px;<br \/>      margin-top: 50px;<br \/>    }<\/p>\n<p>    .pdf-item {<br \/>      text-decoration: none;<br \/>      text-align: center;<br \/>      color: #333;<br \/>      font-size: 14px;<br \/>      transition: transform 0.3s, color 0.3s;<br \/>    }<\/p>\n<p>    .pdf-item:hover {<br \/>      transform: scale(1.1);<br \/>      color: #007BFF;<br \/>    }<\/p>\n<p>    .pdf-icon {<br \/>      font-size: 50px;<br \/>      color: #d32f2f;<br \/>      margin-bottom: 10px;<br \/>    }<\/p>\n<p>    .pdf-name {<br \/>      margin-top: 5px;<br \/>    }<\/p>\n<p>    .pdf-item:hover .pdf-icon {<br \/>      color: #f44336;<br \/>    }  <\/p>\n<\/style>\n<p><!-- Enlace a Google Fonts para los \u00edconos --><\/p>\n<h1>Pol\u00edticas de servicio<\/h1>\n<p>Por favor, lea el siguiente documento para ver nuestras nuevas pol\u00edticas de servicios:<\/p>\n<p>&nbsp;<\/p>\n<p><iframe src=\"https:\/\/drive.google.com\/file\/d\/1F2q_FHeHmjtO1XhB_GnZ_G1Ezl1SqLRd\/preview\" width=\"100%\" height=\"600px\" frameborder=\"0\"><br \/>\n<\/iframe><br \/>\n[\/vc_column_text][\/vc_tab][vc_tab title=&#8221;Preguntas Frecuentes&#8221; tab_id=&#8221;1733083410346-0-7&#8243;][vc_column_text css=&#8221;&#8221;]<\/p>\n<style>\n    body {<br \/>      font-family: Arial, sans-serif;<br \/>      line-height: 1.6;<br \/>      margin: 0;<br \/>      padding: 0;<br \/>      background-color: #f9f9f9;<br \/>      color: #333;<br \/>    }<\/p>\n<p>    .container {<br \/>      max-width: 800px;<br \/>      margin: 50px auto;<br \/>      padding: 20px;<br \/>      background-color: #ffffff;<br \/>      border-radius: 8px;<br \/>      box-shadow: 0 4px 6px rgba(0, 0, 0, 0.1);<br \/>    }<\/p>\n<p>    h1 {<br \/>      text-align: center;<br \/>      color: #2c3e50;<br \/>      margin-bottom: 20px;<br \/>    }<\/p>\n<p>    .faq-item {<br \/>      margin-bottom: 20px;<br \/>    }<\/p>\n<p>    .faq-question {<br \/>      font-size: 1.2em;<br \/>      font-weight: bold;<br \/>      color: #007BFF;<br \/>      margin-bottom: 5px;<br \/>    }<\/p>\n<p>    .faq-answer {<br \/>      text-align: justify;<br \/>      padding-left: 10px;<br \/>      border-left: 4px solid #007BFF;<br \/>    }<\/p>\n<p>    .faq-answer ul {<br \/>      margin: 10px 0;<br \/>      padding-left: 20px;<br \/>    }<\/p>\n<p>    .faq-answer ul li {<br \/>      margin-bottom: 8px;<br \/>    }<\/p>\n<p>    .faq-answer address {<br \/>      font-style: normal;<br \/>      margin-top: 10px;<br \/>    }<\/p>\n<p>    @media (max-width: 600px) {<br \/>      .container {<br \/>        padding: 10px;<br \/>      }<br \/>    }  <\/p>\n<\/style>\n<p>&nbsp;<\/p>\n<div class=\"container\">\n<h1>Preguntas Frecuentes<\/h1>\n<p>&nbsp;<\/p>\n<div class=\"faq-item\">\n<div class=\"faq-question\"><em><strong>1. \u00bfQu\u00e9 tipo de actividades puedo realizar en sus instalaciones?<\/strong><\/em><\/div>\n<div class=\"faq-answer\">\n<p>&nbsp;<\/p>\n<p>Las actividades que se pueden realizar en nuestras instalaciones son las siguientes:<\/p>\n<ul>\n<li><strong>Espirituales:<\/strong> grupos parroquiales o comunidades que buscan espacios y servicios de alimentaci\u00f3n para realizar sus retiros espirituales. Cada grupo es responsable de la did\u00e1ctica de su retiro y de traer a los l\u00edderes espirituales y sacerdotes que impartir\u00e1n las tem\u00e1ticas.<\/li>\n<li><strong>Organizacionales:<\/strong> ONG\u00b4s o instituciones privadas o gubernamentales que buscan espacios (salones de trabajo, \u00e1reas verdes) para realizar sus talleres formativos, capacitaciones, talleres, etc. Centro Loyola tambi\u00e9n proporciona el servicio de alimentaci\u00f3n.<\/li>\n<\/ul>\n<p>&nbsp;<\/p>\n<p>Si la actividad requiere la participaci\u00f3n de personal de la instituci\u00f3n que viene del interior del pa\u00eds o del extranjero, ponemos a disposici\u00f3n el servicio de alojamiento para sus participantes.<\/p>\n<p>&nbsp;<\/p>\n<\/div>\n<\/div>\n<div class=\"faq-item\">\n<div class=\"faq-question\"><em><strong>2. \u00bfSe pueden realizar actividades de otras denominaciones religiosas en sus instalaciones?<\/strong><\/em><\/div>\n<\/div>\n<\/div>\n<div><\/div>\n<div class=\"container\">\n<div class=\"faq-item\">\n<div><\/div>\n<p>&nbsp;<\/p>\n<div class=\"faq-answer\">Por supuesto, los grupos de diferentes denominaciones o credos siempre son bienvenidos y atendidos con la misma calidez que los dem\u00e1s visitantes.<\/div>\n<div><\/div>\n<\/div>\n<p>&nbsp;<\/p>\n<div class=\"faq-item\">\n<div class=\"faq-question\"><em><strong>3. \u00bfPuedo realizar banquetes de eventos sociales en sus instalaciones?<\/strong><\/em><\/div>\n<div><\/div>\n<p>&nbsp;<\/p>\n<div class=\"faq-answer\">Nuestros servicios no se enfocan en este rubro, por lo que no brindamos este tipo de atenci\u00f3n. Aunque contamos con un amplio comedor, este espacio se destina exclusivamente para las actividades mencionadas en el numeral 1.<\/div>\n<div><\/div>\n<\/div>\n<p>&nbsp;<\/p>\n<div class=\"faq-item\">\n<div class=\"faq-question\"><em><strong>4. \u00bfLa capilla de Centro Loyola es abierta al p\u00fablico?<\/strong><\/em><\/div>\n<div><\/div>\n<p>&nbsp;<\/p>\n<div class=\"faq-answer\">La capilla de Centro Loyola no es abierta al p\u00fablico, por lo que no se alquila para misas privadas, tampoco se realizan misas dominicales o exposiciones al Sant\u00edsimo en la capilla de Centro Loyola, pues esta es de uso exclusivo para los grupos que realizan sus retiros espirituales en nuestras instalaciones.<\/div>\n<div><\/div>\n<\/div>\n<p>&nbsp;<\/p>\n<div class=\"faq-item\">\n<div class=\"faq-question\"><em><strong>5. \u00bfCu\u00e1l es la capacidad m\u00e1xima de las instalaciones de Centro Loyola?<\/strong><\/em><\/div>\n<div><\/div>\n<p>&nbsp;<\/p>\n<div class=\"faq-answer\">\n<ul>\n<li><strong>Alojamiento:<\/strong> 35 habitaciones dobles (70 personas c\u00f3modamente alojadas). Tambi\u00e9n pueden utilizarse en modalidad individual.<\/li>\n<li><strong>Comedor:<\/strong> capacidad m\u00e1xima de 100 personas.<\/li>\n<li><strong>Salones:<\/strong> el sal\u00f3n m\u00e1s grande tiene capacidad para 90 personas, y hay dos adicionales para 25 personas cada uno.<\/li>\n<\/ul>\n<p>&nbsp;<\/p>\n<\/div>\n<\/div>\n<div class=\"faq-item\">\n<div class=\"faq-question\"><em><strong>6. \u00bfD\u00f3nde est\u00e1n ubicados?<\/strong><\/em><\/div>\n<div><\/div>\n<div class=\"faq-answer\">\n<p>Estamos ubicados en Antiguo Cuscatl\u00e1n, una cuadra arriba de la Universidad Albert Einstein.<\/p>\n<address><strong>Direcci\u00f3n:<\/strong> Calle Teotl, #35. Colonia Altos de Guadalupe. Antiguo Cuscatl\u00e1n.<\/address>\n<address>\u00a0<\/address>\n<\/div>\n<\/div>\n<div class=\"faq-item\">\n<div class=\"faq-question\"><em><strong>7. \u00bfHay cantidad m\u00ednima de participantes para realizar actividades?<\/strong><\/em><\/div>\n<div><\/div>\n<p>&nbsp;<\/p>\n<div class=\"faq-answer\">La cantidad m\u00ednima para realizar una actividad en Centro Loyola es de 10 personas.<\/div>\n<div><\/div>\n<\/div>\n<p>&nbsp;<\/p>\n<div class=\"faq-item\">\n<div class=\"faq-question\"><em><strong>8. \u00bfCu\u00e1les son los pasos para reservar una actividad en Centro Loyola?<\/strong><\/em><\/div>\n<div><\/div>\n<p>&nbsp;<\/p>\n<div class=\"faq-answer\">El primer paso es solicitar una cotizaci\u00f3n con el detalle de los servicios requeridos. Posteriormente deber\u00e1 enviar la cotizaci\u00f3n firmada y pagar el anticipo en concepto de reserva de la fecha solicitada.<\/div>\n<div><\/div>\n<\/div>\n<p>&nbsp;<\/p>\n<div class=\"faq-item\">\n<div class=\"faq-question\"><em><strong>9. \u00bfSi quiero realizar una actividad con mi grupo de Iglesia, pueden facilitar la tem\u00e1tica?<\/strong><\/em><\/div>\n<div><\/div>\n<p>&nbsp;<\/p>\n<div class=\"faq-answer\">S\u00ed, es posible. En ese caso, su solicitud ser\u00e1 remitida al \u00e1rea Humano Espiritual (HUMES) para dar seguimiento.<\/div>\n<p>&nbsp;<\/p>\n<\/div>\n<\/div>\n<div><\/div>\n<div><\/div>\n<p>[\/vc_column_text][\/vc_tab][\/vc_tabs][\/vc_column][\/vc_row]<\/p>\n<\/div>","protected":false},"excerpt":{"rendered":"<p>[vc_row css_animation=&#8221;&#8221; row_type=&#8221;row&#8221; use_row_as_full_screen_section=&#8221;no&#8221; type=&#8221;full_width&#8221; angled_section=&#8221;no&#8221; text_align=&#8221;left&#8221; background_image_as_pattern=&#8221;without_pattern&#8221;][vc_column offset=&#8221;vc_hidden-sm vc_hidden-xs&#8221;][vc_tabs style=&#8221;boxed&#8221;][vc_tab title=&#8221;Pol\u00edticas de Servicio&#8221; tab_id=&#8221;8b23a835-386d-2&#8243;][vc_column_text css=&#8221;&#8221;] Pol\u00edticas de servicio Por favor, lea el siguiente documento para ver nuestras nuevas pol\u00edticas de servicios: &nbsp; Tu navegador no soporta iframes. &nbsp; [\/vc_column_text][\/vc_tab][vc_tab title=&#8221;Preguntas Frecuentes&#8221; tab_id=&#8221;e83437dc-1803-0&#8243;][vc_column_text css=&#8221;&#8221;] &nbsp;&#8230;<\/p>\n","protected":false},"author":2,"featured_media":0,"parent":0,"menu_order":0,"comment_status":"closed","ping_status":"closed","template":"","meta":{"footnotes":""},"class_list":["post-367","page","type-page","status-publish","hentry"],"yoast_head":"<!-- This site is optimized with the Yoast SEO plugin v15.8 - https:\/\/yoast.com\/wordpress\/plugins\/seo\/ -->\n<title>Pol\u00edticas\/FAQ - Centro Loyola Espiritual<\/title>\n<meta name=\"robots\" content=\"index, follow, max-snippet:-1, max-image-preview:large, max-video-preview:-1\" \/>\n<link rel=\"canonical\" href=\"https:\/\/centroloyolaelsalvador.org\/espiritual\/politicas-y-faq\/\" \/>\n<meta property=\"og:locale\" content=\"es_MX\" \/>\n<meta property=\"og:type\" content=\"article\" \/>\n<meta property=\"og:title\" content=\"Pol\u00edticas\/FAQ - Centro Loyola Espiritual\" \/>\n<meta property=\"og:description\" content=\"[vc_row css_animation=&#8221;&#8221; row_type=&#8221;row&#8221; use_row_as_full_screen_section=&#8221;no&#8221; type=&#8221;full_width&#8221; angled_section=&#8221;no&#8221; text_align=&#8221;left&#8221; background_image_as_pattern=&#8221;without_pattern&#8221;][vc_column offset=&#8221;vc_hidden-sm vc_hidden-xs&#8221;][vc_tabs style=&#8221;boxed&#8221;][vc_tab title=&#8221;Pol\u00edticas de Servicio&#8221; tab_id=&#8221;8b23a835-386d-2&#8243;][vc_column_text css=&#8221;&#8221;] Pol\u00edticas de servicio Por favor, lea el siguiente documento para ver nuestras nuevas pol\u00edticas de servicios: &nbsp; Tu navegador no soporta iframes. &nbsp; [\/vc_column_text][\/vc_tab][vc_tab title=&#8221;Preguntas Frecuentes&#8221; tab_id=&#8221;e83437dc-1803-0&#8243;][vc_column_text css=&#8221;&#8221;] &nbsp;...\" \/>\n<meta property=\"og:url\" content=\"https:\/\/centroloyolaelsalvador.org\/espiritual\/politicas-y-faq\/\" \/>\n<meta property=\"og:site_name\" content=\"Centro Loyola Espiritual\" \/>\n<meta property=\"article:modified_time\" content=\"2024-12-04T18:12:45+00:00\" \/>\n<meta name=\"twitter:card\" content=\"summary_large_image\" \/>\n<meta name=\"twitter:label1\" content=\"Tiempo de lectura\">\n\t<meta name=\"twitter:data1\" content=\"6 minutos\">\n<script type=\"application\/ld+json\" class=\"yoast-schema-graph\">{\"@context\":\"https:\/\/schema.org\",\"@graph\":[{\"@type\":\"WebSite\",\"@id\":\"https:\/\/centroloyolaelsalvador.org\/espiritual\/#website\",\"url\":\"https:\/\/centroloyolaelsalvador.org\/espiritual\/\",\"name\":\"Centro Loyola Espiritual\",\"description\":\"Otro sitio m\\u00e1s de centroloyolaelsalvador.org Sitios\",\"potentialAction\":[{\"@type\":\"SearchAction\",\"target\":\"https:\/\/centroloyolaelsalvador.org\/espiritual\/?s={search_term_string}\",\"query-input\":\"required name=search_term_string\"}],\"inLanguage\":\"es\"},{\"@type\":\"WebPage\",\"@id\":\"https:\/\/centroloyolaelsalvador.org\/espiritual\/politicas-y-faq\/#webpage\",\"url\":\"https:\/\/centroloyolaelsalvador.org\/espiritual\/politicas-y-faq\/\",\"name\":\"Pol\\u00edticas\/FAQ - Centro Loyola Espiritual\",\"isPartOf\":{\"@id\":\"https:\/\/centroloyolaelsalvador.org\/espiritual\/#website\"},\"datePublished\":\"2016-03-02T09:48:09+00:00\",\"dateModified\":\"2024-12-04T18:12:45+00:00\",\"breadcrumb\":{\"@id\":\"https:\/\/centroloyolaelsalvador.org\/espiritual\/politicas-y-faq\/#breadcrumb\"},\"inLanguage\":\"es\",\"potentialAction\":[{\"@type\":\"ReadAction\",\"target\":[\"https:\/\/centroloyolaelsalvador.org\/espiritual\/politicas-y-faq\/\"]}]},{\"@type\":\"BreadcrumbList\",\"@id\":\"https:\/\/centroloyolaelsalvador.org\/espiritual\/politicas-y-faq\/#breadcrumb\",\"itemListElement\":[{\"@type\":\"ListItem\",\"position\":1,\"item\":{\"@type\":\"WebPage\",\"@id\":\"https:\/\/centroloyolaelsalvador.org\/espiritual\/\",\"url\":\"https:\/\/centroloyolaelsalvador.org\/espiritual\/\",\"name\":\"Inicio\"}},{\"@type\":\"ListItem\",\"position\":2,\"item\":{\"@type\":\"WebPage\",\"@id\":\"https:\/\/centroloyolaelsalvador.org\/espiritual\/politicas-y-faq\/\",\"url\":\"https:\/\/centroloyolaelsalvador.org\/espiritual\/politicas-y-faq\/\",\"name\":\"Pol\\u00edticas\/FAQ\"}}]}]}<\/script>\n<!-- \/ Yoast SEO plugin. -->","_links":{"self":[{"href":"https:\/\/centroloyolaelsalvador.org\/espiritual\/wp-json\/wp\/v2\/pages\/367","targetHints":{"allow":["GET"]}}],"collection":[{"href":"https:\/\/centroloyolaelsalvador.org\/espiritual\/wp-json\/wp\/v2\/pages"}],"about":[{"href":"https:\/\/centroloyolaelsalvador.org\/espiritual\/wp-json\/wp\/v2\/types\/page"}],"author":[{"embeddable":true,"href":"https:\/\/centroloyolaelsalvador.org\/espiritual\/wp-json\/wp\/v2\/users\/2"}],"replies":[{"embeddable":true,"href":"https:\/\/centroloyolaelsalvador.org\/espiritual\/wp-json\/wp\/v2\/comments?post=367"}],"version-history":[{"count":6,"href":"https:\/\/centroloyolaelsalvador.org\/espiritual\/wp-json\/wp\/v2\/pages\/367\/revisions"}],"predecessor-version":[{"id":3828,"href":"https:\/\/centroloyolaelsalvador.org\/espiritual\/wp-json\/wp\/v2\/pages\/367\/revisions\/3828"}],"wp:attachment":[{"href":"https:\/\/centroloyolaelsalvador.org\/espiritual\/wp-json\/wp\/v2\/media?parent=367"}],"curies":[{"name":"wp","href":"https:\/\/api.w.org\/{rel}","templated":true}]}}